{"id":24,"date":"2021-03-12T17:22:45","date_gmt":"2021-03-12T17:22:45","guid":{"rendered":"https:\/\/www.mscckova.cz\/?page_id=24"},"modified":"2021-09-21T22:38:34","modified_gmt":"2021-09-21T20:38:34","slug":"cinnosti","status":"publish","type":"page","link":"https:\/\/www.mscckova.cz\/index.php\/cinnosti\/","title":{"rendered":"\u010cinnosti"},"content":{"rendered":"\t\t<div data-elementor-type=\"wp-page\" data-elementor-id=\"24\" class=\"elementor elementor-24\">\n\t\t\t\t\t\t<section class=\"elementor-section elementor-top-section elementor-element elementor-element-2b75102 elementor-section-boxed elementor-section-height-default elementor-section-height-default\" data-id=\"2b75102\" data-element_type=\"section\" data-e-type=\"section\">\n\t\t\t\t\t\t<div class=\"elementor-container elementor-column-gap-default\">\n\t\t\t\t\t<div class=\"elementor-column elementor-col-100 elementor-top-column elementor-element elementor-element-f7feee2\" data-id=\"f7feee2\" data-element_type=\"column\" data-e-type=\"column\">\n\t\t\t<div class=\"elementor-widget-wrap elementor-element-populated\">\n\t\t\t\t\t\t<div class=\"elementor-element elementor-element-d90ff00 elementor-widget elementor-widget-text-editor\" data-id=\"d90ff00\" data-element_type=\"widget\" data-e-type=\"widget\" data-widget_type=\"text-editor.default\">\n\t\t\t\t<div class=\"elementor-widget-container\">\n\t\t\t\t\t\t\t\t\t<h2 style=\"text-align: left;\"><span style=\"text-decoration: underline;\"><span style=\"color: #ff0000; text-decoration: underline;\">M\u00edstn\u00ed skupina ve sv\u00e9 p\u016fsobnosti zaji\u0161\u0165uje:<\/span><\/span><\/h2><ul><li>\u0161kolen\u00ed prvn\u00ed pomoci<\/li><li>zdravotnick\u00e9 asistence<\/li><li>projektov\u00e9 dny pro d\u011bti<\/li><li>edukativn\u00ed \u010dinnost<\/li><li>dal\u0161\u00ed<\/li><\/ul>\t\t\t\t\t\t\t\t<\/div>\n\t\t\t\t<\/div>\n\t\t\t\t\t<\/div>\n\t\t<\/div>\n\t\t\t\t\t<\/div>\n\t\t<\/section>\n\t\t\t\t<\/div>\n\t\t","protected":false},"excerpt":{"rendered":"<p>M\u00edstn\u00ed skupina ve sv\u00e9 p\u016fsobnosti zaji\u0161\u0165uje: \u0161kolen\u00ed prvn\u00ed pomoci zdravotnick\u00e9 asistence projektov\u00e9 dny pro d\u011bti edukativn\u00ed \u010dinnost dal\u0161\u00ed<\/p>\n","protected":false},"author":1,"featured_media":0,"parent":0,"menu_order":0,"comment_status":"closed","ping_status":"closed","template":"","meta":{"ngg_post_thumbnail":0,"footnotes":""},"class_list":["post-24","page","type-page","status-publish","hentry"],"_links":{"self":[{"href":"https:\/\/www.mscckova.cz\/index.php\/wp-json\/wp\/v2\/pages\/24","targetHints":{"allow":["GET"]}}],"collection":[{"href":"https:\/\/www.mscckova.cz\/index.php\/wp-json\/wp\/v2\/pages"}],"about":[{"href":"https:\/\/www.mscckova.cz\/index.php\/wp-json\/wp\/v2\/types\/page"}],"author":[{"embeddable":true,"href":"https:\/\/www.mscckova.cz\/index.php\/wp-json\/wp\/v2\/users\/1"}],"replies":[{"embeddable":true,"href":"https:\/\/www.mscckova.cz\/index.php\/wp-json\/wp\/v2\/comments?post=24"}],"version-history":[{"count":10,"href":"https:\/\/www.mscckova.cz\/index.php\/wp-json\/wp\/v2\/pages\/24\/revisions"}],"predecessor-version":[{"id":260,"href":"https:\/\/www.mscckova.cz\/index.php\/wp-json\/wp\/v2\/pages\/24\/revisions\/260"}],"wp:attachment":[{"href":"https:\/\/www.mscckova.cz\/index.php\/wp-json\/wp\/v2\/media?parent=24"}],"curies":[{"name":"wp","href":"https:\/\/api.w.org\/{rel}","templated":true}]}}