{"id":27,"date":"2021-03-12T17:22:45","date_gmt":"2021-03-12T17:22:45","guid":{"rendered":"https:\/\/www.mscckova.cz\/?page_id=27"},"modified":"2021-09-21T22:22:00","modified_gmt":"2021-09-21T20:22:00","slug":"o-nas","status":"publish","type":"page","link":"https:\/\/www.mscckova.cz\/index.php\/o-nas\/","title":{"rendered":"O n\u00e1s"},"content":{"rendered":"\t\t<div data-elementor-type=\"wp-page\" data-elementor-id=\"27\" class=\"elementor elementor-27\">\n\t\t\t\t\t\t<section class=\"elementor-section elementor-top-section elementor-element elementor-element-4476452 elementor-section-boxed elementor-section-height-default elementor-section-height-default\" data-id=\"4476452\" data-element_type=\"section\" data-e-type=\"section\">\n\t\t\t\t\t\t<div class=\"elementor-container elementor-column-gap-default\">\n\t\t\t\t\t<div class=\"elementor-column elementor-col-100 elementor-top-column elementor-element elementor-element-5d2d2e6\" data-id=\"5d2d2e6\" data-element_type=\"column\" data-e-type=\"column\">\n\t\t\t<div class=\"elementor-widget-wrap elementor-element-populated\">\n\t\t\t\t\t\t<div class=\"elementor-element elementor-element-92dabb4 elementor-widget elementor-widget-heading\" data-id=\"92dabb4\" data-element_type=\"widget\" data-e-type=\"widget\" data-widget_type=\"heading.default\">\n\t\t\t\t<div class=\"elementor-widget-container\">\n\t\t\t\t\t<h2 class=\"elementor-heading-title elementor-size-default\"><u>\u010cesk\u00fd \u010derven\u00fd k\u0159\u00ed\u017e<\/u><\/h2>\t\t\t\t<\/div>\n\t\t\t\t<\/div>\n\t\t\t\t<div class=\"elementor-element elementor-element-a331d37 elementor-widget elementor-widget-text-editor\" data-id=\"a331d37\" data-element_type=\"widget\" data-e-type=\"widget\" data-widget_type=\"text-editor.default\">\n\t\t\t\t<div class=\"elementor-widget-container\">\n\t\t\t\t\t\t\t\t\t<p>Spole\u010dnost \u010cesk\u00fd \u010derven\u00fd k\u0159\u00ed\u017e (\u010c\u010cK) je humanit\u00e1rn\u00ed spole\u010dnost\u00ed p\u016fsob\u00edc\u00ed na cel\u00e9m \u00fazem\u00ed \u010cesk\u00e9 republiky; existuje ze z\u00e1kona. Je st\u00e1tem <strong>uznanou<\/strong>\u00a0<strong>n\u00e1rodn\u00ed spole\u010dnost\u00ed \u010cerven\u00e9ho k\u0159\u00ed\u017ee<\/strong>\u00a0ve smyslu mezin\u00e1rodn\u00edho pr\u00e1va; z hlediska vnitrostr\u00e1tn\u00edho pr\u00e1va je\u00a0<strong>spolkem<\/strong>.\u00a0\u010c\u010cK je sou\u010d\u00e1st\u00ed\u00a0<a href=\"https:\/\/www.cervenykriz.eu\/mezinarodni-hnuti-ck-a-cp\" target=\"blank\">Mezin\u00e1rodn\u00edho \u010cerven\u00e9ho k\u0159\u00ed\u017ee<\/a>\u00a0a \u0159\u00edd\u00ed se\u00a0<a href=\"https:\/\/www.cervenykriz.eu\/7-principu-hnuti\" target=\"blank\">Z\u00e1kladn\u00edmi principy \u010cK&amp;\u010cP<\/a>. P\u016fsob\u00ed zejm\u00e9na v oblasti\u00a0<strong>humanit\u00e1rn\u00ed, soci\u00e1ln\u00ed, zdravotn\u00ed a zdravotn\u011b-v\u00fdchovn\u00e9.<\/strong>\u00a0Napl\u0148ov\u00e1n\u00ed posl\u00e1n\u00ed a pln\u011bn\u00ed \u00fakol\u016f \u010c\u010cK je v\u0161eobecn\u011b prosp\u011b\u0161nou \u010dinnost\u00ed.<\/p><p class=\"odrazky\">\u010c\u010cK podle <a href=\"http:\/\/www.cervenykriz.eu\/cz\/kdojsme\/zakonock.pdf\" target=\"_blank\" rel=\"noopener\">z\u00e1kona 126\/1992 Sb. o ochran\u011b znaku a n\u00e1zvu \u010cerven\u00e9ho k\u0159\u00ed\u017ee a o \u010ceskoslovensk\u00e9m \u010cerven\u00e9m k\u0159\u00ed\u017ei<\/a> <strong>pln\u00ed zejm\u00e9na tyto \u00fakoly:<\/strong><\/p><ul><li>p\u016fsob\u00ed v oblasti civiln\u00ed obrany a ochrany obyvatelstva a poskytuje pomoc v p\u0159\u00edpadech katastrof a jin\u00fdch mimo\u0159\u00e1dn\u00fdch ud\u00e1lost\u00ed;<\/li><li>poskytuje zdravotnick\u00e9, z\u00e1chrann\u00e9, soci\u00e1ln\u00ed a dal\u0161\u00ed humanit\u00e1rn\u00ed slu\u017eby;<\/li><li>p\u016fsob\u00ed jako v\u00fdlu\u010dn\u011b uznan\u00e1 pomocn\u00e1 organizace vojensk\u00e9 zdravotnick\u00e9 slu\u017eby;<\/li><li>\u0161\u00ed\u0159\u00ed znalost \u017denevsk\u00fdch \u00famluv;<\/li><li>p\u016fsob\u00ed v oblasti zdravotn\u011b-v\u00fdchovn\u00e9 a spolupracuje s poskytovateli zdravotn\u00ed p\u00e9\u010de<\/li><\/ul><p>\u010cesk\u00fd \u010derven\u00fd k\u0159\u00ed\u017e navazuje na sv\u00e9 p\u0159edch\u016fdce &#8211; na\u00a0<strong>Vlasteneck\u00fd pomocn\u00fd spolek pro Kr\u00e1lovstv\u00ed \u010desk\u00e9<\/strong>, kter\u00fd byl zalo\u017een 5.z\u00e1\u0159\u00ed\u00a0<strong>1868<\/strong>\u00a0jako\u00a0<strong>13.<\/strong>\u00a0n\u00e1rodn\u00ed spole\u010dnost \u010cerven\u00e9ho k\u0159\u00ed\u017ee na sv\u011bt\u011b, a na\u00a0<strong>\u010ceskoslovensk\u00fd \u010derven\u00fd k\u0159\u00ed\u017e<\/strong>, kter\u00fd byl zalo\u017een 6.\u00fanora 1919.<\/p><p>\u010cesk\u00fd \u010derven\u00fd k\u0159\u00ed\u017e vznikl rozd\u011blen\u00edm \u010cS\u010cK jako jeho n\u00e1stupnick\u00e1 organizace v \u010cR.<\/p>\t\t\t\t\t\t\t\t<\/div>\n\t\t\t\t<\/div>\n\t\t\t\t<div class=\"elementor-element elementor-element-d9d3e82 elementor-widget-divider--view-line elementor-widget elementor-widget-divider\" data-id=\"d9d3e82\" data-element_type=\"widget\" data-e-type=\"widget\" data-widget_type=\"divider.default\">\n\t\t\t\t<div class=\"elementor-widget-container\">\n\t\t\t\t\t\t\t<div class=\"elementor-divider\">\n\t\t\t<span class=\"elementor-divider-separator\">\n\t\t\t\t\t\t<\/span>\n\t\t<\/div>\n\t\t\t\t\t\t<\/div>\n\t\t\t\t<\/div>\n\t\t\t\t\t<\/div>\n\t\t<\/div>\n\t\t\t\t\t<\/div>\n\t\t<\/section>\n\t\t\t\t<section class=\"elementor-section elementor-top-section elementor-element elementor-element-0e69975 elementor-section-boxed elementor-section-height-default elementor-section-height-default\" data-id=\"0e69975\" data-element_type=\"section\" data-e-type=\"section\">\n\t\t\t\t\t\t<div class=\"elementor-container elementor-column-gap-default\">\n\t\t\t\t\t<div class=\"elementor-column elementor-col-100 elementor-top-column elementor-element elementor-element-b8dca98\" data-id=\"b8dca98\" data-element_type=\"column\" data-e-type=\"column\">\n\t\t\t<div class=\"elementor-widget-wrap elementor-element-populated\">\n\t\t\t\t\t\t<div class=\"elementor-element elementor-element-a2af802 elementor-widget elementor-widget-heading\" data-id=\"a2af802\" data-element_type=\"widget\" data-e-type=\"widget\" data-widget_type=\"heading.default\">\n\t\t\t\t<div class=\"elementor-widget-container\">\n\t\t\t\t\t<h2 class=\"elementor-heading-title elementor-size-default\"><u>M\u00edstn\u00ed skupina \u010c\u010cK Mari\u00e1nsk\u00e9 Hory<\/u><\/h2>\t\t\t\t<\/div>\n\t\t\t\t<\/div>\n\t\t\t\t<div class=\"elementor-element elementor-element-6c97c7e elementor-widget elementor-widget-text-editor\" data-id=\"6c97c7e\" data-element_type=\"widget\" data-e-type=\"widget\" data-widget_type=\"text-editor.default\">\n\t\t\t\t<div class=\"elementor-widget-container\">\n\t\t\t\t\t\t\t\t\t<h2><em><strong>P\u0159ipravujeme &#8230;<\/strong><\/em><\/h2>\t\t\t\t\t\t\t\t<\/div>\n\t\t\t\t<\/div>\n\t\t\t\t\t<\/div>\n\t\t<\/div>\n\t\t\t\t\t<\/div>\n\t\t<\/section>\n\t\t\t\t<\/div>\n\t\t","protected":false},"excerpt":{"rendered":"<p>\u010cesk\u00fd \u010derven\u00fd k\u0159\u00ed\u017e Spole\u010dnost \u010cesk\u00fd \u010derven\u00fd k\u0159\u00ed\u017e (\u010c\u010cK) je humanit\u00e1rn\u00ed spole\u010dnost\u00ed p\u016fsob\u00edc\u00ed na cel\u00e9m \u00fazem\u00ed \u010cesk\u00e9 republiky; existuje ze z\u00e1kona. Je st\u00e1tem uznanou\u00a0n\u00e1rodn\u00ed spole\u010dnost\u00ed \u010cerven\u00e9ho k\u0159\u00ed\u017ee\u00a0ve smyslu mezin\u00e1rodn\u00edho pr\u00e1va; z hlediska vnitrostr\u00e1tn\u00edho pr\u00e1va je\u00a0spolkem.\u00a0\u010c\u010cK je sou\u010d\u00e1st\u00ed\u00a0Mezin\u00e1rodn\u00edho \u010cerven\u00e9ho k\u0159\u00ed\u017ee\u00a0a \u0159\u00edd\u00ed se\u00a0Z\u00e1kladn\u00edmi principy \u010cK&amp;\u010cP. P\u016fsob\u00ed zejm\u00e9na v oblasti\u00a0humanit\u00e1rn\u00ed, soci\u00e1ln\u00ed, zdravotn\u00ed a zdravotn\u011b-v\u00fdchovn\u00e9.\u00a0Napl\u0148ov\u00e1n\u00ed posl\u00e1n\u00ed a pln\u011bn\u00ed \u00fakol\u016f \u010c\u010cK &hellip;<br \/><a href=\"https:\/\/www.mscckova.cz\/index.php\/o-nas\/\" class=\"more-link pen_button pen_element_default pen_icon_arrow_double\">Pokra\u010dovat ve\u00a0\u010dten\u00ed <span class=\"screen-reader-text\">O n\u00e1s<\/span><\/a><\/p>\n","protected":false},"author":1,"featured_media":0,"parent":0,"menu_order":0,"comment_status":"closed","ping_status":"closed","template":"","meta":{"ngg_post_thumbnail":0,"footnotes":""},"class_list":["post-27","page","type-page","status-publish","hentry"],"_links":{"self":[{"href":"https:\/\/www.mscckova.cz\/index.php\/wp-json\/wp\/v2\/pages\/27","targetHints":{"allow":["GET"]}}],"collection":[{"href":"https:\/\/www.mscckova.cz\/index.php\/wp-json\/wp\/v2\/pages"}],"about":[{"href":"https:\/\/www.mscckova.cz\/index.php\/wp-json\/wp\/v2\/types\/page"}],"author":[{"embeddable":true,"href":"https:\/\/www.mscckova.cz\/index.php\/wp-json\/wp\/v2\/users\/1"}],"replies":[{"embeddable":true,"href":"https:\/\/www.mscckova.cz\/index.php\/wp-json\/wp\/v2\/comments?post=27"}],"version-history":[{"count":19,"href":"https:\/\/www.mscckova.cz\/index.php\/wp-json\/wp\/v2\/pages\/27\/revisions"}],"predecessor-version":[{"id":253,"href":"https:\/\/www.mscckova.cz\/index.php\/wp-json\/wp\/v2\/pages\/27\/revisions\/253"}],"wp:attachment":[{"href":"https:\/\/www.mscckova.cz\/index.php\/wp-json\/wp\/v2\/media?parent=27"}],"curies":[{"name":"wp","href":"https:\/\/api.w.org\/{rel}","templated":true}]}}